{"id":114,"date":"2025-03-19T22:04:32","date_gmt":"2025-03-19T21:04:32","guid":{"rendered":"https:\/\/roess.ovh\/?page_id=114"},"modified":"2025-03-19T22:09:15","modified_gmt":"2025-03-19T21:09:15","slug":"pkw-spannungsueberwachung","status":"publish","type":"page","link":"https:\/\/roess.ovh\/index.php\/projekte\/pr\/pkw-spannungsueberwachung\/","title":{"rendered":"PKW Spannungs\u00fcberwachung"},"content":{"rendered":"\t\t<div data-elementor-type=\"wp-page\" data-elementor-id=\"114\" class=\"elementor elementor-114\">\n\t\t\t\t<div class=\"elementor-element elementor-element-3d15895c e-flex e-con-boxed e-con e-parent\" data-id=\"3d15895c\" data-element_type=\"container\">\n\t\t\t\t\t<div class=\"e-con-inner\">\n\t\t\t\t<div class=\"elementor-element elementor-element-9ddbbc0 elementor-widget elementor-widget-text-editor\" data-id=\"9ddbbc0\" data-element_type=\"widget\" data-widget_type=\"text-editor.default\">\n\t\t\t\t<div class=\"elementor-widget-container\">\n\t\t\t\t\t\t\t<!-- wp:paragraph -->\n<p>T-Klasse 180d mit 10 W ECOWORTHY Solarpanel angeschlossen an OBD-Stecker<\/p>\n<!-- \/wp:paragraph --><!-- wp:paragraph -->\n<p>ESP32, ADS1115 Messung 1\/min<\/p>\n<!-- \/wp:paragraph --><!-- wp:paragraph -->\n<p>\u00a0<\/p>\n<!-- \/wp:paragraph --><!-- wp:image {\"id\":116,\"sizeSlug\":\"large\",\"linkDestination\":\"none\"} -->\n<figure class=\"wp-block-image size-large\"><img fetchpriority=\"high\" decoding=\"async\" width=\"1024\" height=\"296\" class=\"wp-image-116\" src=\"https:\/\/roess.ovh\/wp-content\/uploads\/2025\/03\/Screenshot-2025-03-19-215836-1024x296.png\" alt=\"\" srcset=\"https:\/\/roess.ovh\/wp-content\/uploads\/2025\/03\/Screenshot-2025-03-19-215836-1024x296.png 1024w, https:\/\/roess.ovh\/wp-content\/uploads\/2025\/03\/Screenshot-2025-03-19-215836-300x87.png 300w, https:\/\/roess.ovh\/wp-content\/uploads\/2025\/03\/Screenshot-2025-03-19-215836-768x222.png 768w, https:\/\/roess.ovh\/wp-content\/uploads\/2025\/03\/Screenshot-2025-03-19-215836-1536x443.png 1536w, https:\/\/roess.ovh\/wp-content\/uploads\/2025\/03\/Screenshot-2025-03-19-215836-2048x591.png 2048w\" sizes=\"(max-width: 1024px) 100vw, 1024px\" \/><\/figure>\n<!-- \/wp:image --><!-- wp:paragraph -->\n<p>Alle 3 h Spannungsabfall durch Sensorik, etc. Ab 1000 min zaghaftes Aufladen durch Solarzelle bei bew\u00f6lktem Himmel. LiMa ca 15 V bei Hin- und R\u00fcckfahrt nach Hagen. Dazwischen Spannungsabfall durch T\u00fcr Auf (Steuerger\u00e4te etc. ziehen bis 5A !)<\/p>\n<!-- \/wp:paragraph --><!-- wp:image {\"id\":115,\"sizeSlug\":\"large\",\"linkDestination\":\"none\"} -->\n<figure class=\"wp-block-image size-large\"><img decoding=\"async\" width=\"1024\" height=\"633\" class=\"wp-image-115\" src=\"https:\/\/roess.ovh\/wp-content\/uploads\/2025\/03\/Screenshot-2025-03-19-215716-1024x633.png\" alt=\"\" srcset=\"https:\/\/roess.ovh\/wp-content\/uploads\/2025\/03\/Screenshot-2025-03-19-215716-1024x633.png 1024w, https:\/\/roess.ovh\/wp-content\/uploads\/2025\/03\/Screenshot-2025-03-19-215716-300x185.png 300w, https:\/\/roess.ovh\/wp-content\/uploads\/2025\/03\/Screenshot-2025-03-19-215716-768x474.png 768w, https:\/\/roess.ovh\/wp-content\/uploads\/2025\/03\/Screenshot-2025-03-19-215716.png 1389w\" sizes=\"(max-width: 1024px) 100vw, 1024px\" \/><\/figure>\n<!-- \/wp:image --><!-- wp:paragraph -->\n<p>mV, 1400 min<br \/>Beginn 9 Uhr, T\u00fcr auf<br \/>Aufladung durch Ecoworthy 10W Panel<br \/>Alle 3h Einbruch durch intelligente Sensorik etc<\/p>\n<!-- \/wp:paragraph -->\t\t\t\t\t\t<\/div>\n\t\t\t\t<\/div>\n\t\t\t\t\t<\/div>\n\t\t\t\t<\/div>\n\t\t\t\t<\/div>\n\t\t","protected":false},"excerpt":{"rendered":"<p>T-Klasse 180d mit 10 W ECOWORTHY Solarpanel angeschlossen an OBD-Stecker ESP32, ADS1115 Messung 1\/min \u00a0 Alle 3 h Spannungsabfall durch Sensorik, etc. Ab 1000 min zaghaftes Aufladen durch Solarzelle bei bew\u00f6lktem Himmel. LiMa ca 15 V bei Hin- und R\u00fcckfahrt nach Hagen. Dazwischen Spannungsabfall durch T\u00fcr Auf (Steuerger\u00e4te etc. ziehen bis 5A !) mV, 1400 [&hellip;]<\/p>\n","protected":false},"author":1,"featured_media":0,"parent":18,"menu_order":0,"comment_status":"closed","ping_status":"closed","template":"","meta":{"_bbp_topic_count":0,"_bbp_reply_count":0,"_bbp_total_topic_count":0,"_bbp_total_reply_count":0,"_bbp_voice_count":0,"_bbp_anonymous_reply_count":0,"_bbp_topic_count_hidden":0,"_bbp_reply_count_hidden":0,"_bbp_forum_subforum_count":0,"footnotes":""},"class_list":["post-114","page","type-page","status-publish","hentry"],"_links":{"self":[{"href":"https:\/\/roess.ovh\/index.php\/wp-json\/wp\/v2\/pages\/114","targetHints":{"allow":["GET"]}}],"collection":[{"href":"https:\/\/roess.ovh\/index.php\/wp-json\/wp\/v2\/pages"}],"about":[{"href":"https:\/\/roess.ovh\/index.php\/wp-json\/wp\/v2\/types\/page"}],"author":[{"embeddable":true,"href":"https:\/\/roess.ovh\/index.php\/wp-json\/wp\/v2\/users\/1"}],"replies":[{"embeddable":true,"href":"https:\/\/roess.ovh\/index.php\/wp-json\/wp\/v2\/comments?post=114"}],"version-history":[{"count":4,"href":"https:\/\/roess.ovh\/index.php\/wp-json\/wp\/v2\/pages\/114\/revisions"}],"predecessor-version":[{"id":120,"href":"https:\/\/roess.ovh\/index.php\/wp-json\/wp\/v2\/pages\/114\/revisions\/120"}],"up":[{"embeddable":true,"href":"https:\/\/roess.ovh\/index.php\/wp-json\/wp\/v2\/pages\/18"}],"wp:attachment":[{"href":"https:\/\/roess.ovh\/index.php\/wp-json\/wp\/v2\/media?parent=114"}],"curies":[{"name":"wp","href":"https:\/\/api.w.org\/{rel}","templated":true}]}}